{"id":92,"date":"2024-07-16T08:04:01","date_gmt":"2024-07-16T08:04:01","guid":{"rendered":"https:\/\/ecomarka.pl\/?page_id=92"},"modified":"2024-07-16T08:07:01","modified_gmt":"2024-07-16T08:07:01","slug":"monitoring","status":"publish","type":"page","link":"https:\/\/ecomarka.pl\/?page_id=92","title":{"rendered":"Monitoring"},"content":{"rendered":"\n<h2 class=\"wp-block-heading\">Systemy Monitoringu Instalacji Fotowoltaicznych<\/h2>\n\n\n\n<p>Skuteczny monitoring instalacji fotowoltaicznej jest kluczowy dla maksymalizacji jej wydajno\u015bci i d\u0142ugowieczno\u015bci. Oferujemy nowoczesne systemy monitoringu, kt\u00f3re pozwalaj\u0105 na bie\u017c\u0105co \u015bledzi\u0107 wydajno\u015b\u0107 i stan techniczny Twojej instalacji. Dzi\u0119ki naszym rozwi\u0105zaniom, masz pe\u0142n\u0105 kontrol\u0119 nad produkcj\u0105 energii, a w razie jakichkolwiek problem\u00f3w, mo\u017cesz szybko zareagowa\u0107. Kliknij w poni\u017csze linki, aby dowiedzie\u0107 si\u0119 wi\u0119cej o naszych systemach monitoringu i wybra\u0107 rozwi\u0105zanie idealne dla Ciebie!<\/p>\n\n\n\n<hr class=\"wp-block-separator has-alpha-channel-opacity is-style-wide\"\/>\n\n\n\n<p><strong><a href=\"https:\/\/monitoringpublic.solaredge.com\/solaredge-web\/p\/kiosk?guid=b55efdba-31f9-4595-8301-3b9e466bd72b\">Monitoring SOLAR &#8211; Link 1<\/a><\/strong><\/p>\n\n\n\n<p><strong><a href=\"https:\/\/www.solarweb.com\/Home\/GuestLogOn?pvSystemId=cd07929b-3929-45df-918f-e6baac8640e3\">Monitoring FRONIUS &#8211; Link 2<\/a><\/strong><\/p>\n","protected":false},"excerpt":{"rendered":"<p>Systemy Monitoringu Instalacji Fotowoltaicznych Skuteczny monitoring instalacji fotowoltaicznej jest kluczowy dla maksymalizacji jej wydajno\u015bci i d\u0142ugowieczno\u015bci. Oferujemy nowoczesne systemy monitoringu, kt\u00f3re pozwalaj\u0105 na bie\u017c\u0105co \u015bledzi\u0107 wydajno\u015b\u0107 i stan techniczny Twojej instalacji. Dzi\u0119ki naszym rozwi\u0105zaniom, masz pe\u0142n\u0105 kontrol\u0119 nad produkcj\u0105 energii, a w razie jakichkolwiek problem\u00f3w, mo\u017cesz szybko zareagowa\u0107. Kliknij w poni\u017csze linki, aby dowiedzie\u0107 si\u0119 [&hellip;]<\/p>\n","protected":false},"author":1,"featured_media":94,"parent":0,"menu_order":0,"comment_status":"closed","ping_status":"closed","template":"","meta":{"footnotes":""},"yoast_head":"<!-- This site is optimized with the Yoast SEO plugin v23.8 - https:\/\/yoast.com\/wordpress\/plugins\/seo\/ -->\n<title>Monitoring -<\/title>\n<meta name=\"robots\" content=\"index, follow, max-snippet:-1, max-image-preview:large, max-video-preview:-1\" \/>\n<link rel=\"canonical\" href=\"https:\/\/ecomarka.pl\/?page_id=92\" \/>\n<meta property=\"og:locale\" content=\"pl_PL\" \/>\n<meta property=\"og:type\" content=\"article\" \/>\n<meta property=\"og:title\" content=\"Monitoring -\" \/>\n<meta property=\"og:description\" content=\"Systemy Monitoringu Instalacji Fotowoltaicznych Skuteczny monitoring instalacji fotowoltaicznej jest kluczowy dla maksymalizacji jej wydajno\u015bci i d\u0142ugowieczno\u015bci. Oferujemy nowoczesne systemy monitoringu, kt\u00f3re pozwalaj\u0105 na bie\u017c\u0105co \u015bledzi\u0107 wydajno\u015b\u0107 i stan techniczny Twojej instalacji. Dzi\u0119ki naszym rozwi\u0105zaniom, masz pe\u0142n\u0105 kontrol\u0119 nad produkcj\u0105 energii, a w razie jakichkolwiek problem\u00f3w, mo\u017cesz szybko zareagowa\u0107. Kliknij w poni\u017csze linki, aby dowiedzie\u0107 si\u0119 [&hellip;]\" \/>\n<meta property=\"og:url\" content=\"https:\/\/ecomarka.pl\/?page_id=92\" \/>\n<meta property=\"article:modified_time\" content=\"2024-07-16T08:07:01+00:00\" \/>\n<meta property=\"og:image\" content=\"http:\/\/ecomarka.pl\/wp-content\/uploads\/2024\/07\/IMG_20210310_142207-1-1-scaled-e1721116781653.jpg\" \/>\n\t<meta property=\"og:image:width\" content=\"2560\" \/>\n\t<meta property=\"og:image:height\" content=\"601\" \/>\n\t<meta property=\"og:image:type\" content=\"image\/jpeg\" \/>\n<meta name=\"twitter:card\" content=\"summary_large_image\" \/>\n<meta name=\"twitter:label1\" content=\"Szacowany czas czytania\" \/>\n\t<meta name=\"twitter:data1\" content=\"1 minuta\" \/>\n<script type=\"application\/ld+json\" class=\"yoast-schema-graph\">{\"@context\":\"https:\/\/schema.org\",\"@graph\":[{\"@type\":\"WebPage\",\"@id\":\"https:\/\/ecomarka.pl\/?page_id=92\",\"url\":\"https:\/\/ecomarka.pl\/?page_id=92\",\"name\":\"Monitoring -\",\"isPartOf\":{\"@id\":\"http:\/\/ecomarka.pl\/#website\"},\"primaryImageOfPage\":{\"@id\":\"https:\/\/ecomarka.pl\/?page_id=92#primaryimage\"},\"image\":{\"@id\":\"https:\/\/ecomarka.pl\/?page_id=92#primaryimage\"},\"thumbnailUrl\":\"https:\/\/ecomarka.pl\/wp-content\/uploads\/2024\/07\/IMG_20210310_142207-1-1-scaled-e1721116781653.jpg\",\"datePublished\":\"2024-07-16T08:04:01+00:00\",\"dateModified\":\"2024-07-16T08:07:01+00:00\",\"breadcrumb\":{\"@id\":\"https:\/\/ecomarka.pl\/?page_id=92#breadcrumb\"},\"inLanguage\":\"pl-PL\",\"potentialAction\":[{\"@type\":\"ReadAction\",\"target\":[\"https:\/\/ecomarka.pl\/?page_id=92\"]}]},{\"@type\":\"ImageObject\",\"inLanguage\":\"pl-PL\",\"@id\":\"https:\/\/ecomarka.pl\/?page_id=92#primaryimage\",\"url\":\"https:\/\/ecomarka.pl\/wp-content\/uploads\/2024\/07\/IMG_20210310_142207-1-1-scaled-e1721116781653.jpg\",\"contentUrl\":\"https:\/\/ecomarka.pl\/wp-content\/uploads\/2024\/07\/IMG_20210310_142207-1-1-scaled-e1721116781653.jpg\",\"width\":2560,\"height\":601},{\"@type\":\"BreadcrumbList\",\"@id\":\"https:\/\/ecomarka.pl\/?page_id=92#breadcrumb\",\"itemListElement\":[{\"@type\":\"ListItem\",\"position\":1,\"name\":\"Strona g\u0142\u00f3wna\",\"item\":\"http:\/\/ecomarka.pl\/\"},{\"@type\":\"ListItem\",\"position\":2,\"name\":\"Monitoring\"}]},{\"@type\":\"WebSite\",\"@id\":\"http:\/\/ecomarka.pl\/#website\",\"url\":\"http:\/\/ecomarka.pl\/\",\"name\":\"\",\"description\":\"&quot;Odnawialna przysz\u0142o\u015b\u0107 zaczyna si\u0119 dzisiaj&quot;\",\"potentialAction\":[{\"@type\":\"SearchAction\",\"target\":{\"@type\":\"EntryPoint\",\"urlTemplate\":\"http:\/\/ecomarka.pl\/?s={search_term_string}\"},\"query-input\":{\"@type\":\"PropertyValueSpecification\",\"valueRequired\":true,\"valueName\":\"search_term_string\"}}],\"inLanguage\":\"pl-PL\"}]}<\/script>\n<!-- \/ Yoast SEO plugin. -->","yoast_head_json":{"title":"Monitoring -","robots":{"index":"index","follow":"follow","max-snippet":"max-snippet:-1","max-image-preview":"max-image-preview:large","max-video-preview":"max-video-preview:-1"},"canonical":"https:\/\/ecomarka.pl\/?page_id=92","og_locale":"pl_PL","og_type":"article","og_title":"Monitoring -","og_description":"Systemy Monitoringu Instalacji Fotowoltaicznych Skuteczny monitoring instalacji fotowoltaicznej jest kluczowy dla maksymalizacji jej wydajno\u015bci i d\u0142ugowieczno\u015bci. Oferujemy nowoczesne systemy monitoringu, kt\u00f3re pozwalaj\u0105 na bie\u017c\u0105co \u015bledzi\u0107 wydajno\u015b\u0107 i stan techniczny Twojej instalacji. Dzi\u0119ki naszym rozwi\u0105zaniom, masz pe\u0142n\u0105 kontrol\u0119 nad produkcj\u0105 energii, a w razie jakichkolwiek problem\u00f3w, mo\u017cesz szybko zareagowa\u0107. Kliknij w poni\u017csze linki, aby dowiedzie\u0107 si\u0119 [&hellip;]","og_url":"https:\/\/ecomarka.pl\/?page_id=92","article_modified_time":"2024-07-16T08:07:01+00:00","og_image":[{"width":2560,"height":601,"url":"http:\/\/ecomarka.pl\/wp-content\/uploads\/2024\/07\/IMG_20210310_142207-1-1-scaled-e1721116781653.jpg","type":"image\/jpeg"}],"twitter_card":"summary_large_image","twitter_misc":{"Szacowany czas czytania":"1 minuta"},"schema":{"@context":"https:\/\/schema.org","@graph":[{"@type":"WebPage","@id":"https:\/\/ecomarka.pl\/?page_id=92","url":"https:\/\/ecomarka.pl\/?page_id=92","name":"Monitoring -","isPartOf":{"@id":"http:\/\/ecomarka.pl\/#website"},"primaryImageOfPage":{"@id":"https:\/\/ecomarka.pl\/?page_id=92#primaryimage"},"image":{"@id":"https:\/\/ecomarka.pl\/?page_id=92#primaryimage"},"thumbnailUrl":"https:\/\/ecomarka.pl\/wp-content\/uploads\/2024\/07\/IMG_20210310_142207-1-1-scaled-e1721116781653.jpg","datePublished":"2024-07-16T08:04:01+00:00","dateModified":"2024-07-16T08:07:01+00:00","breadcrumb":{"@id":"https:\/\/ecomarka.pl\/?page_id=92#breadcrumb"},"inLanguage":"pl-PL","potentialAction":[{"@type":"ReadAction","target":["https:\/\/ecomarka.pl\/?page_id=92"]}]},{"@type":"ImageObject","inLanguage":"pl-PL","@id":"https:\/\/ecomarka.pl\/?page_id=92#primaryimage","url":"https:\/\/ecomarka.pl\/wp-content\/uploads\/2024\/07\/IMG_20210310_142207-1-1-scaled-e1721116781653.jpg","contentUrl":"https:\/\/ecomarka.pl\/wp-content\/uploads\/2024\/07\/IMG_20210310_142207-1-1-scaled-e1721116781653.jpg","width":2560,"height":601},{"@type":"BreadcrumbList","@id":"https:\/\/ecomarka.pl\/?page_id=92#breadcrumb","itemListElement":[{"@type":"ListItem","position":1,"name":"Strona g\u0142\u00f3wna","item":"http:\/\/ecomarka.pl\/"},{"@type":"ListItem","position":2,"name":"Monitoring"}]},{"@type":"WebSite","@id":"http:\/\/ecomarka.pl\/#website","url":"http:\/\/ecomarka.pl\/","name":"","description":"&quot;Odnawialna przysz\u0142o\u015b\u0107 zaczyna si\u0119 dzisiaj&quot;","potentialAction":[{"@type":"SearchAction","target":{"@type":"EntryPoint","urlTemplate":"http:\/\/ecomarka.pl\/?s={search_term_string}"},"query-input":{"@type":"PropertyValueSpecification","valueRequired":true,"valueName":"search_term_string"}}],"inLanguage":"pl-PL"}]}},"_links":{"self":[{"href":"https:\/\/ecomarka.pl\/index.php?rest_route=\/wp\/v2\/pages\/92"}],"collection":[{"href":"https:\/\/ecomarka.pl\/index.php?rest_route=\/wp\/v2\/pages"}],"about":[{"href":"https:\/\/ecomarka.pl\/index.php?rest_route=\/wp\/v2\/types\/page"}],"author":[{"embeddable":true,"href":"https:\/\/ecomarka.pl\/index.php?rest_route=\/wp\/v2\/users\/1"}],"replies":[{"embeddable":true,"href":"https:\/\/ecomarka.pl\/index.php?rest_route=%2Fwp%2Fv2%2Fcomments&post=92"}],"version-history":[{"count":3,"href":"https:\/\/ecomarka.pl\/index.php?rest_route=\/wp\/v2\/pages\/92\/revisions"}],"predecessor-version":[{"id":97,"href":"https:\/\/ecomarka.pl\/index.php?rest_route=\/wp\/v2\/pages\/92\/revisions\/97"}],"wp:featuredmedia":[{"embeddable":true,"href":"https:\/\/ecomarka.pl\/index.php?rest_route=\/wp\/v2\/media\/94"}],"wp:attachment":[{"href":"https:\/\/ecomarka.pl\/index.php?rest_route=%2Fwp%2Fv2%2Fmedia&parent=92"}],"curies":[{"name":"wp","href":"https:\/\/api.w.org\/{rel}","templated":true}]}}